{"id":534,"date":"2023-11-06T14:50:03","date_gmt":"2023-11-06T14:50:03","guid":{"rendered":"https:\/\/www.panamour.ch\/?page_id=534"},"modified":"2023-11-12T20:54:12","modified_gmt":"2023-11-12T20:54:12","slug":"panamour","status":"publish","type":"page","link":"https:\/\/www.panamour.ch\/?page_id=534","title":{"rendered":"Datenschutz"},"content":{"rendered":"\n[et_pb_section fb_built=&#8220;1&#8243; _builder_version=&#8220;4.23&#8243; _module_preset=&#8220;default&#8220; global_colors_info=&#8220;{}&#8220;][et_pb_row _builder_version=&#8220;4.23&#8243; _module_preset=&#8220;default&#8220; global_colors_info=&#8220;{}&#8220;][et_pb_column type=&#8220;4_4&#8243; _builder_version=&#8220;4.23&#8243; _module_preset=&#8220;default&#8220; global_colors_info=&#8220;{}&#8220;][et_pb_text _builder_version=&#8220;4.23&#8243; _module_preset=&#8220;default&#8220; custom_padding=&#8220;||0px|||&#8220; global_colors_info=&#8220;{}&#8220;]<div><\/div>\n<p><strong>D A T E N S C H U T Z E R K L \u00c4 R U N G \u00a0Panamour<\/strong><\/p>\n<p><strong><\/strong><\/p>\n<p><strong><\/strong><\/p>\n<p><strong>Kontaktdaten der Verantwortlichen<\/strong><\/p>\n<p><strong>Panamour<\/strong><br \/>Fran\u00e7oise Mayritsch<br \/>4402 Frenkendorf<\/p>\n<p>Mail<span>\u00a0\u00a0\u00a0\u00a0\u00a0 <\/span><span>\u00a0<\/span><span>\u00a0 \u00a0 \u00a0 \u00a0 \u00a0 \u00a0 \u00a0 \u00a0 \u00a0 <a href=\"mailto:melodie@panamour.ch\" target=\"_blank\" rel=\"noopener\">melodie@panamour.ch<\/a><\/span><\/p>\n<p>Web<span>\u00a0\u00a0\u00a0\u00a0\u00a0\u00a0 <\/span><span>\u00a0\u00a0\u00a0\u00a0\u00a0\u00a0\u00a0\u00a0\u00a0\u00a0\u00a0\u00a0\u00a0\u00a0\u00a0\u00a0\u00a0 <\/span>www.panamour.ch<\/p>\n<p><strong><br \/>1 \u00a0 \u00a0 \u00a0 \u00a0Bereitstellung der Website (Logfiles)<\/strong><\/p>\n<p><strong>1.1 \u00a0\u00a0\u00a0 Beschreibung und Umfang der Datenbearbeitung<\/strong><\/p>\n<p>Wenn Sie auf unsere Website zugreifen, d.h., selbst wenn Sie sich nicht registrieren oder anderweitig Informationen \u00fcbermitteln, werden automatisch Informationen allgemeiner Natur erfasst. Diese Informationen (Server-Logfiles) beinhalten etwa die Art des Webbrowsers, das verwendete Betriebssystem, den Domainnamen Ihres Internet-Service-Providers, Ihre IP-Adresse, Referrer-URL, Datum und Uhrzeit des Zugriffs und \u00e4hnliches.<\/p>\n<p>Sie werden insbesondere zu folgenden Zwecken bearbeitet<\/p>\n<ol>\n<ol>\n<li>Sicherstellung eines problemlosen Verbindungsaufbaus der Website2.<\/li>\n<li>Sicherstellung einer reibungslosen Nutzung unserer Website<\/li>\n<li>Sicherstellung und Auswertung der Systemsicherheit und -stabilit\u00e4t, insbesondere zur Missbrauchserkennung<\/li>\n<li>zur technisch fehlerfreien Darstellung und Optimierung unserer Website.<\/li>\n<\/ol>\n<\/ol>\n<p>Die Daten werden ebenfalls in den Logfiles unseres Systems gespeichert. Eine Speicherung dieser Daten zusammen mit anderen Personendaten des Nutzers findet nicht statt. Wir verwenden Ihre Daten nicht, um R\u00fcckschl\u00fcsse auf Ihre Person zu ziehen. Allerdings behalten wir uns vor, die Server-Logfiles nachtr\u00e4glich zu \u00fcberpr\u00fcfen, sollten konkrete Anhaltspunkte auf eine rechtswidrige Nutzung hinweisen.<\/p>\n<p><strong>1.2\u00a0 \u00a0 \u00a0Empf\u00e4nger der Daten<\/strong><\/p>\n<p>Wir setzen f\u00fcr Betrieb und Wartung unserer Webseite Dienstleister ein, die als unsere Auftragsbearbeiter t\u00e4tig werden. S\u00e4mtliche Dienstleister sind verpflichtet, Ihre Daten vertraulich zu behandeln.<\/p>\n<p>&nbsp;<\/p>\n<p><strong>2 \u00a0 \u00a0 \u00a0 \u00a0Kontaktaufnahme<\/strong><\/p>\n<p><strong>2.1 \u00a0 \u00a0 Beschreibung und Umfang der Datenbearbeitung<\/strong><\/p>\n<p>Auf unserer Website ist eine Kontaktaufnahme \u00fcber die bereitgestellten Mail-Adressen m\u00f6glich. In diesem Fall werden die mit der Mail \u00fcbermittelten Personendaten des Nutzers gespeichert. Hierzu z\u00e4hlen:<\/p>\n<ul>\n<li>Datum und Uhrzeit der Anfrage<\/li>\n<li>Mailadresse, von der die Anfrage erfolgte<\/li>\n<\/ul>\n<p>sowie Informationen zu den an der Mail-Kommunikation beteiligten Servern.<\/p>\n<p>&nbsp;<\/p>\n<p><strong>2.2 \u00a0\u00a0\u00a0\u00a0 Empf\u00e4nger der Daten<\/strong><\/p>\n<p>Unsere Website wird von Dienstleistern gewartet, die als unsere Auftragsbearbeiter t\u00e4tig werden. Sofern Sie uns eine Anfrage bzgl. eines Angebots schicken, k\u00f6nnen von uns eingesetzte Dienstleister zu diesen Zwecken Daten erhalten, sofern diese die Daten zur Erf\u00fcllung ihrer jeweiligen Leistung ben\u00f6tigen (z.B. IT-Dienstleistungen). S\u00e4mtliche Dienstleister sind dazu verpflichtet, Ihre Daten vertraulich zu behandeln.<\/p>\n<p>&nbsp;<\/p>\n<p><strong>3 \u00a0 \u00a0 \u00a0 \u00a0Newsletter<\/strong><\/p>\n<p>Panamour versendet zur Zeit KEINE Newsletter.<\/p>\n<p>&nbsp;<\/p>\n<p><strong>4 \u00a0 \u00a0 \u00a0 \u00a0Kommentarfunktion<\/strong><\/p>\n<p>Auf unserer Webpage gibt es keine Kommentarfunktion.<\/p>\n<p>&nbsp;<\/p>\n<p><strong>5 \u00a0 \u00a0 \u00a0 \u00a0Webinare<\/strong><\/p>\n<p>\u00dcber unsere Webpages werden KEINE Webinare oder andere Schulungen angeboten.<\/p>\n<p>&nbsp;<\/p>\n<p><strong>6 \u00a0 \u00a0 \u00a0 \u00a0Verwendung von Cookies<\/strong><\/p>\n<p><strong>6.1 \u00a0\u00a0\u00a0 Beschreibung und Umfang der Datenbearbeitung<\/strong><\/p>\n<p>Ein Cookie ist ein kleiner Datensatz, der beim Besuch einer Website erstellt und auf dem System des Nutzers zwischengespeichert wird. Wird der Server dieser Website erneut von diesem System aufgerufen, sendet der Browser das zuvor empfangene Cookie wieder zur\u00fcck an den Server. Der Server kann die durch dieses Verfahren erhaltenen Informationen auswerten. Durch Cookies kann insbesondere das Navigieren auf einer Website erleichtert werden.<\/p>\n<p>Cookies helfen dabei, eine Webseite nutzbar zu machen, indem sie Grundfunktionen wie Seitennavigation und Zugriff auf sichere Bereiche der Webseite erm\u00f6glichen.<\/p>\n<p><strong>6.2 \u00a0\u00a0\u00a0\u00a0 Verwendung technisch notwendiger Cookies<\/strong><\/p>\n<p>Einige Funktionen unserer Internetseite k\u00f6nnen ohne den Einsatz von Cookies nicht angeboten werden. F\u00fcr diese ist es erforderlich, dass der Browser auch nach einem Seitenwechsel wiedererkannt wird.<\/p>\n<p>Wir setzen Cookies\u00a0\u00a0ein, um Ihnen ein besseres und st\u00f6rungsfreies Serve-Erlebnis zu erm\u00f6glichen.<\/p>\n<p><strong>6.3 \u00a0\u00a0\u00a0\u00a0 Verwendung technisch nicht notwendiger Cookies<\/strong><\/p>\n<p>Wir verwenden auf der Website auch solche Cookies, die eine Analyse des Surfverhaltens der Nutzer erm\u00f6glichen. Diese Cookies kommen zum Einsatz, um die Nutzung der Website effizienter und attraktiver zu gestalten.<\/p>\n<p>Wir setzen f\u00fcr Betrieb und Wartung unserer Webseite technische Dienstleister ein, die als unsere Auftragsbearbeiter t\u00e4tig werden.<\/p>\n<p>S\u00e4mtliche Dienstleister sind dazu verpflichtet, Ihre Daten vertraulich zu behandeln.<\/p>\n<p>&nbsp;<\/p>\n<p><strong>7 \u00a0 \u00a0 \u00a0 \u00a0Reichweitenmessung<\/strong><\/p>\n<p>Panamour betreibt keine Analysewerkzeuge um Reichweiten und Nutzerverhalten nachzuverfolgen.<\/p>\n<p><strong>7.1 \u00a0\u00a0\u00a0 Empf\u00e4nger der Daten<\/strong><\/p>\n<p>Wir setzen f\u00fcr Betrieb und Wartung unserer Webseite technische Dienstleister ein, die als unsere Auftragsbearbeiter t\u00e4tig werden. S\u00e4mtliche Dienstleister sind dazu verpflichtet, Ihre Daten vertraulich zu behandeln.<\/p>\n<p>&nbsp;<\/p>\n<p><strong>8<span> \u00a0\u00a0\u00a0\u00a0\u00a0\u00a0 <\/span>Social Media<\/strong><\/p>\n<p>Auf unserer Webpage finden Sie Ikons von Social Media-Anbietern wie Facebook usw. Sofern Sie auf diesen sozialen Medien aktiv werden, werden Informationen weitergeleitet sowie Ihr Besuch auf diesen Seiten registriert.<\/p>\n<p>&nbsp;<\/p>\n<p><strong>9 \u00a0 \u00a0 \u00a0 \u00a0Rechte der betroffenen Person<\/strong><\/p>\n<p>Sie haben die folgenden Rechte in Bezug auf Personendaten, die Sie betreffen:<\/p>\n<ul>\n<li>das Recht, Auskunft dar\u00fcber zu erhalten, welche Personendaten wir von Ihnen speichern und wie wir diese bearbeiten;<\/li>\n<li>das Recht auf Herausgabe einer Kopie Ihrer Personendaten in einem g\u00e4ngigen Format;<\/li>\n<li>das Recht auf Berichtigung Ihrer Personendaten;<\/li>\n<li>das Recht auf L\u00f6schung Ihrer Personendaten;<\/li>\n<li>das Recht, Bearbeitungen Ihrer Personendaten zu widersprechen.<\/li>\n<\/ul>\n<p>&nbsp;<\/p>\n<p>Beachten Sie bitte, dass f\u00fcr diese Rechte Ausnahmen gelten. Soweit rechtlich zul\u00e4ssig, k\u00f6nnen wir Ihre Anfrage zur Aus\u00fcbung dieser Rechte ablehnen.<\/p>\n<p>Eine erteilte Einwilligung in die Verarbeitung personenbezogener Daten k\u00f6nnen Sie jederzeit uns gegen\u00fcber widerrufen. Bitte beachten Sie, dass der Widerruf erst f\u00fcr die Zukunft wirkt. Bearbeitungen, die vor dem Widerruf erfolgt sind, sind davon nicht betroffen.<\/p>\n<p>F\u00fcr eine Auskunft \u00fcber die von uns bearbeiteten Personendaten, senden Sie Ihr\u00a0Auskunftsbegehren\u00a0bitte an info@vumzuerich.ch<\/p>\n<p>Sie haben ausserdem das Recht, beim Eidgen\u00f6ssischen Datenschutz- und \u00d6ffentlichkeitsbeauftragten (ED\u00d6B) eine Beschwerde einzureichen.<\/p>\n<p>&nbsp;<\/p>\n<p>Stand, 1. November 2023<\/p>\n<p>&nbsp;<\/p>\n<h6><span style=\"color: #00ffff;\">Diese Datenschutzerkl\u00e4rung basiert teilweise auf Vorgaben von activemind.<\/span><\/h6>[\/et_pb_text][\/et_pb_column][\/et_pb_row][\/et_pb_section]\n","protected":false},"excerpt":{"rendered":"<p>Begleitet vom Playback, spiele ich f\u00fcr Sie gerne in Kirchen oder<br \/>\nin kleinen bis mittelgrossen R\u00e4umen  \u2013  frei von Stromverf\u00fcgbarkeit.<br \/>\nBei gr\u00f6sseren Veranstaltungen spiele ich mit eigener, professioneller Musikbox<br \/>\nin Stereo und mit Mikrofon. Die Steuerung erfolgt \u00fcber mein iPad-Pro.<\/p>\n","protected":false},"author":1,"featured_media":229,"parent":446,"menu_order":1,"comment_status":"closed","ping_status":"closed","template":"","meta":{"_et_pb_use_builder":"on","_et_pb_old_content":"","_et_gb_content_width":"","footnotes":""},"class_list":["post-534","page","type-page","status-publish","has-post-thumbnail","hentry"],"yoast_head":"<!-- This site is optimized with the Yoast SEO plugin v27.5 - https:\/\/yoast.com\/product\/yoast-seo-wordpress\/ -->\r\n<title>Datenschutz - panamour<\/title>\r\n<meta name=\"description\" content=\"Panfl\u00f6te, Panfl\u00f6tenmusik, panamour , Musik, Pan, Konzert, Hochzeit, Trauerfeier, Geburtstage, Mayritsch, Fran\u00e7oise, Unterhaltung\" \/>\r\n<meta name=\"robots\" content=\"index, follow, max-snippet:-1, max-image-preview:large, max-video-preview:-1\" \/>\r\n<link rel=\"canonical\" href=\"https:\/\/www.panamour.ch\/?page_id=534\" \/>\r\n<meta property=\"og:locale\" content=\"de_DE\" \/>\r\n<meta property=\"og:type\" content=\"article\" \/>\r\n<meta property=\"og:title\" content=\"Datenschutz - panamour\" \/>\r\n<meta property=\"og:description\" content=\"Panfl\u00f6te, Panfl\u00f6tenmusik, panamour , Musik, Pan, Konzert, Hochzeit, Trauerfeier, Geburtstage, Mayritsch, Fran\u00e7oise, Unterhaltung\" \/>\r\n<meta property=\"og:url\" content=\"https:\/\/www.panamour.ch\/?page_id=534\" \/>\r\n<meta property=\"og:site_name\" content=\"panamour\" \/>\r\n<meta property=\"article:modified_time\" content=\"2023-11-12T20:54:12+00:00\" \/>\r\n<meta property=\"og:image\" content=\"https:\/\/www.panamour.ch\/wp-content\/uploads\/2016\/12\/BILK_KOPF_GROSS.jpg\" \/>\r\n\t<meta property=\"og:image:width\" content=\"1024\" \/>\r\n\t<meta property=\"og:image:height\" content=\"450\" \/>\r\n\t<meta property=\"og:image:type\" content=\"image\/jpeg\" \/>\r\n<meta name=\"twitter:card\" content=\"summary_large_image\" \/>\r\n<meta name=\"twitter:label1\" content=\"Gesch\u00e4tzte Lesezeit\" \/>\n\t<meta name=\"twitter:data1\" content=\"5\u00a0Minuten\" \/>\r\n<script type=\"application\/ld+json\" class=\"yoast-schema-graph\">{\"@context\":\"https:\\\/\\\/schema.org\",\"@graph\":[{\"@type\":\"WebPage\",\"@id\":\"https:\\\/\\\/www.panamour.ch\\\/?page_id=534\",\"url\":\"https:\\\/\\\/www.panamour.ch\\\/?page_id=534\",\"name\":\"Datenschutz - panamour\",\"isPartOf\":{\"@id\":\"https:\\\/\\\/www.panamour.ch\\\/#website\"},\"primaryImageOfPage\":{\"@id\":\"https:\\\/\\\/www.panamour.ch\\\/?page_id=534#primaryimage\"},\"image\":{\"@id\":\"https:\\\/\\\/www.panamour.ch\\\/?page_id=534#primaryimage\"},\"thumbnailUrl\":\"https:\\\/\\\/www.panamour.ch\\\/wp-content\\\/uploads\\\/2016\\\/12\\\/BILK_KOPF_GROSS.jpg\",\"datePublished\":\"2023-11-06T14:50:03+00:00\",\"dateModified\":\"2023-11-12T20:54:12+00:00\",\"description\":\"Panfl\u00f6te, Panfl\u00f6tenmusik, panamour , Musik, Pan, Konzert, Hochzeit, Trauerfeier, Geburtstage, Mayritsch, Fran\u00e7oise, Unterhaltung\",\"breadcrumb\":{\"@id\":\"https:\\\/\\\/www.panamour.ch\\\/?page_id=534#breadcrumb\"},\"inLanguage\":\"de\",\"potentialAction\":[{\"@type\":\"ReadAction\",\"target\":[\"https:\\\/\\\/www.panamour.ch\\\/?page_id=534\"]}]},{\"@type\":\"ImageObject\",\"inLanguage\":\"de\",\"@id\":\"https:\\\/\\\/www.panamour.ch\\\/?page_id=534#primaryimage\",\"url\":\"https:\\\/\\\/www.panamour.ch\\\/wp-content\\\/uploads\\\/2016\\\/12\\\/BILK_KOPF_GROSS.jpg\",\"contentUrl\":\"https:\\\/\\\/www.panamour.ch\\\/wp-content\\\/uploads\\\/2016\\\/12\\\/BILK_KOPF_GROSS.jpg\",\"width\":1024,\"height\":450,\"caption\":\"KOPF 450\"},{\"@type\":\"BreadcrumbList\",\"@id\":\"https:\\\/\\\/www.panamour.ch\\\/?page_id=534#breadcrumb\",\"itemListElement\":[{\"@type\":\"ListItem\",\"position\":1,\"name\":\"Startseite\",\"item\":\"https:\\\/\\\/www.panamour.ch\\\/\"},{\"@type\":\"ListItem\",\"position\":2,\"name\":\"http:\\\/\\\/www.panamour.ch\",\"item\":\"https:\\\/\\\/www.panamour.ch\\\/\"},{\"@type\":\"ListItem\",\"position\":3,\"name\":\"Datenschutz\"}]},{\"@type\":\"WebSite\",\"@id\":\"https:\\\/\\\/www.panamour.ch\\\/#website\",\"url\":\"https:\\\/\\\/www.panamour.ch\\\/\",\"name\":\"Panamour\",\"description\":\"Die Musik ist einfach der beste Weg zu reden, wenn einem selbst die Worte fehlen.\",\"potentialAction\":[{\"@type\":\"SearchAction\",\"target\":{\"@type\":\"EntryPoint\",\"urlTemplate\":\"https:\\\/\\\/www.panamour.ch\\\/?s={search_term_string}\"},\"query-input\":{\"@type\":\"PropertyValueSpecification\",\"valueRequired\":true,\"valueName\":\"search_term_string\"}}],\"inLanguage\":\"de\"}]}<\/script>\r\n<!-- \/ Yoast SEO plugin. -->","yoast_head_json":{"title":"Datenschutz - panamour","description":"Panfl\u00f6te, Panfl\u00f6tenmusik, panamour , Musik, Pan, Konzert, Hochzeit, Trauerfeier, Geburtstage, Mayritsch, Fran\u00e7oise, Unterhaltung","robots":{"index":"index","follow":"follow","max-snippet":"max-snippet:-1","max-image-preview":"max-image-preview:large","max-video-preview":"max-video-preview:-1"},"canonical":"https:\/\/www.panamour.ch\/?page_id=534","og_locale":"de_DE","og_type":"article","og_title":"Datenschutz - panamour","og_description":"Panfl\u00f6te, Panfl\u00f6tenmusik, panamour , Musik, Pan, Konzert, Hochzeit, Trauerfeier, Geburtstage, Mayritsch, Fran\u00e7oise, Unterhaltung","og_url":"https:\/\/www.panamour.ch\/?page_id=534","og_site_name":"panamour","article_modified_time":"2023-11-12T20:54:12+00:00","og_image":[{"width":1024,"height":450,"url":"https:\/\/www.panamour.ch\/wp-content\/uploads\/2016\/12\/BILK_KOPF_GROSS.jpg","type":"image\/jpeg"}],"twitter_card":"summary_large_image","twitter_misc":{"Gesch\u00e4tzte Lesezeit":"5\u00a0Minuten"},"schema":{"@context":"https:\/\/schema.org","@graph":[{"@type":"WebPage","@id":"https:\/\/www.panamour.ch\/?page_id=534","url":"https:\/\/www.panamour.ch\/?page_id=534","name":"Datenschutz - panamour","isPartOf":{"@id":"https:\/\/www.panamour.ch\/#website"},"primaryImageOfPage":{"@id":"https:\/\/www.panamour.ch\/?page_id=534#primaryimage"},"image":{"@id":"https:\/\/www.panamour.ch\/?page_id=534#primaryimage"},"thumbnailUrl":"https:\/\/www.panamour.ch\/wp-content\/uploads\/2016\/12\/BILK_KOPF_GROSS.jpg","datePublished":"2023-11-06T14:50:03+00:00","dateModified":"2023-11-12T20:54:12+00:00","description":"Panfl\u00f6te, Panfl\u00f6tenmusik, panamour , Musik, Pan, Konzert, Hochzeit, Trauerfeier, Geburtstage, Mayritsch, Fran\u00e7oise, Unterhaltung","breadcrumb":{"@id":"https:\/\/www.panamour.ch\/?page_id=534#breadcrumb"},"inLanguage":"de","potentialAction":[{"@type":"ReadAction","target":["https:\/\/www.panamour.ch\/?page_id=534"]}]},{"@type":"ImageObject","inLanguage":"de","@id":"https:\/\/www.panamour.ch\/?page_id=534#primaryimage","url":"https:\/\/www.panamour.ch\/wp-content\/uploads\/2016\/12\/BILK_KOPF_GROSS.jpg","contentUrl":"https:\/\/www.panamour.ch\/wp-content\/uploads\/2016\/12\/BILK_KOPF_GROSS.jpg","width":1024,"height":450,"caption":"KOPF 450"},{"@type":"BreadcrumbList","@id":"https:\/\/www.panamour.ch\/?page_id=534#breadcrumb","itemListElement":[{"@type":"ListItem","position":1,"name":"Startseite","item":"https:\/\/www.panamour.ch\/"},{"@type":"ListItem","position":2,"name":"http:\/\/www.panamour.ch","item":"https:\/\/www.panamour.ch\/"},{"@type":"ListItem","position":3,"name":"Datenschutz"}]},{"@type":"WebSite","@id":"https:\/\/www.panamour.ch\/#website","url":"https:\/\/www.panamour.ch\/","name":"Panamour","description":"Die Musik ist einfach der beste Weg zu reden, wenn einem selbst die Worte fehlen.","potentialAction":[{"@type":"SearchAction","target":{"@type":"EntryPoint","urlTemplate":"https:\/\/www.panamour.ch\/?s={search_term_string}"},"query-input":{"@type":"PropertyValueSpecification","valueRequired":true,"valueName":"search_term_string"}}],"inLanguage":"de"}]}},"_links":{"self":[{"href":"https:\/\/www.panamour.ch\/index.php?rest_route=\/wp\/v2\/pages\/534","targetHints":{"allow":["GET"]}}],"collection":[{"href":"https:\/\/www.panamour.ch\/index.php?rest_route=\/wp\/v2\/pages"}],"about":[{"href":"https:\/\/www.panamour.ch\/index.php?rest_route=\/wp\/v2\/types\/page"}],"author":[{"embeddable":true,"href":"https:\/\/www.panamour.ch\/index.php?rest_route=\/wp\/v2\/users\/1"}],"replies":[{"embeddable":true,"href":"https:\/\/www.panamour.ch\/index.php?rest_route=%2Fwp%2Fv2%2Fcomments&post=534"}],"version-history":[{"count":11,"href":"https:\/\/www.panamour.ch\/index.php?rest_route=\/wp\/v2\/pages\/534\/revisions"}],"predecessor-version":[{"id":588,"href":"https:\/\/www.panamour.ch\/index.php?rest_route=\/wp\/v2\/pages\/534\/revisions\/588"}],"up":[{"embeddable":true,"href":"https:\/\/www.panamour.ch\/index.php?rest_route=\/wp\/v2\/pages\/446"}],"wp:featuredmedia":[{"embeddable":true,"href":"https:\/\/www.panamour.ch\/index.php?rest_route=\/wp\/v2\/media\/229"}],"wp:attachment":[{"href":"https:\/\/www.panamour.ch\/index.php?rest_route=%2Fwp%2Fv2%2Fmedia&parent=534"}],"curies":[{"name":"wp","href":"https:\/\/api.w.org\/{rel}","templated":true}]}}