{"id":558,"date":"2023-11-06T15:51:56","date_gmt":"2023-11-06T15:51:56","guid":{"rendered":"https:\/\/www.panamour.ch\/?page_id=558"},"modified":"2023-11-06T16:36:48","modified_gmt":"2023-11-06T16:36:48","slug":"impressum","status":"publish","type":"page","link":"https:\/\/www.panamour.ch\/?page_id=558","title":{"rendered":"Impressum"},"content":{"rendered":"<p>[et_pb_section fb_built=&#8220;1&#8243; _builder_version=&#8220;4.23&#8243; _module_preset=&#8220;default&#8220; global_colors_info=&#8220;{}&#8220;][et_pb_row _builder_version=&#8220;4.23&#8243; _module_preset=&#8220;default&#8220; global_colors_info=&#8220;{}&#8220;][et_pb_column type=&#8220;4_4&#8243; _builder_version=&#8220;4.23&#8243; _module_preset=&#8220;default&#8220; global_colors_info=&#8220;{}&#8220;][et_pb_text _builder_version=&#8220;4.23&#8243; _module_preset=&#8220;default&#8220; global_colors_info=&#8220;{}&#8220;]<\/p>\n<div>\n<p><strong><span>I M P R E S S U M \u00a0 Panamour<\/span><\/strong><\/p>\n<\/div>\n<div>\n<p><strong><span><\/span><\/strong><\/p>\n<p><strong><span>Inhaberin<br \/><\/span><\/strong><span><\/span>Fran\u00e7oise Mayritsch<br \/>4402 Frenkendorf<\/p>\n<p>&nbsp;<\/p>\n<\/div>\n<div>\n<p><strong><span>Ansprechpartner<\/span><\/strong><span><br \/>Frau Fran\u00e7oise Mayritsch<o:p><\/o:p><\/span><\/p>\n<p><span><\/span><\/p>\n<\/div>\n<div>\n<p><strong><span>Kontaktdaten<\/span><\/strong><span><br \/><a href=\"mailto:melodie@panamour.ch\" target=\"_blank\" rel=\"noopener\">melodie@panamour.ch<\/a><o:p><\/o:p><\/span><\/p>\n<p><span><\/span><\/p>\n<\/div>\n<div>\n<p><strong><span>Verantwortlich f\u00fcr den Inhalt der Webpages<\/span><\/strong><span><br \/>Frau Fran\u00e7oise Mayritsch<o:p><\/o:p><\/span><\/p>\n<p><span><\/span><\/p>\n<\/div>\n<div>\n<p><strong><span>Copyright<\/span><\/strong><span><br \/>Das Copyright f\u00fcr den gesamten Inhalt liegt bei Fran\u00e7oise Mayritsch,<\/span>\u00a04402 Frenkendorf<\/p>\n<p>&nbsp;<\/p>\n<\/div>\n<div>\n<p><strong><span>Haftungsausschluss<\/span><\/strong><span><br \/>Trotz inhaltlicher Kontrollen \u00fcbernehmen wir keinerlei Haftungen f\u00fcr die Inhalte externer Links. F\u00fcr die Inhalte der verlinkten Seiten sind ausschliesslich deren Betreiber verantwortlich. Auf dieser Website werden f\u00fcr Informationen s\u00e4mtliche Haftungsanspr\u00fcche ausgeschlossen. Eine Haftung f\u00fcr Sch\u00e4den, die sich aus der Verwendung der ver\u00f6ffentlichten Inhalte ergeben, ist ausgeschlossen.<o:p><\/o:p><\/span><\/p>\n<p><span><\/span><\/p>\n<\/div>\n<div>\n<p><strong><span>Datenschutz<\/span><\/strong><span><br \/>Pers\u00f6nliche Daten, welche beim Ausf\u00fcllen des Formulars \u00fcbermittelt werden, und\/oder andere Informationen, die Sie uns zukommen lassen, wie z.B. per Mail usw., sind vertraulich und werden nicht an unbefugte Dritte weitergegeben.<o:p><\/o:p><\/span><\/p>\n<p><span><\/span><\/p>\n<\/div>\n<div><strong><span>Datenschutzerkl\u00e4rung<\/span><\/strong><\/div>\n<div><span>Die Datenschutzerkl\u00e4rung bildet einen integrierten Bestandteil dieses Impressums.<\/span><\/div>\n<div><span><\/span><\/div>\n<div>\n<p><span><\/span><\/p>\n<p>Stand, 1. November 2023<\/p>\n<\/div>\n<div><span><\/span><\/div>\n<div><span><\/span><\/div>\n<div><span><\/span><\/div>\n<p><strong><\/strong><\/p>\n<p><strong><\/strong><\/p>\n<p><strong><\/strong><\/p>\n<p>&nbsp;<\/p>\n<p>&nbsp;<\/p>\n<p>[\/et_pb_text][\/et_pb_column][\/et_pb_row][\/et_pb_section]<\/p>\n","protected":false},"excerpt":{"rendered":"<p>I M P R E S S U M \u00a0 Panamour InhaberinFran\u00e7oise Mayritsch4402 Frenkendorf &nbsp; AnsprechpartnerFrau Fran\u00e7oise Mayritsch Kontaktdatenmelodie@panamour.ch Verantwortlich f\u00fcr den Inhalt der WebpagesFrau Fran\u00e7oise Mayritsch CopyrightDas Copyright f\u00fcr den gesamten Inhalt liegt bei Fran\u00e7oise Mayritsch,\u00a04402 Frenkendorf &nbsp; HaftungsausschlussTrotz inhaltlicher Kontrollen \u00fcbernehmen wir keinerlei Haftungen f\u00fcr die Inhalte externer Links. F\u00fcr die Inhalte der [&hellip;]<\/p>\n","protected":false},"author":1,"featured_media":0,"parent":0,"menu_order":0,"comment_status":"closed","ping_status":"closed","template":"","meta":{"_et_pb_use_builder":"on","_et_pb_old_content":"","_et_gb_content_width":"","footnotes":""},"class_list":["post-558","page","type-page","status-publish","hentry"],"yoast_head":"<!-- This site is optimized with the Yoast SEO plugin v27.3 - https:\/\/yoast.com\/product\/yoast-seo-wordpress\/ -->\r\n<title>Impressum - panamour<\/title>\r\n<meta name=\"robots\" content=\"index, follow, max-snippet:-1, max-image-preview:large, max-video-preview:-1\" \/>\r\n<link rel=\"canonical\" href=\"https:\/\/www.panamour.ch\/?page_id=558\" \/>\r\n<meta property=\"og:locale\" content=\"de_DE\" \/>\r\n<meta property=\"og:type\" content=\"article\" \/>\r\n<meta property=\"og:title\" content=\"Impressum - panamour\" \/>\r\n<meta property=\"og:description\" content=\"I M P R E S S U M \u00a0 Panamour InhaberinFran\u00e7oise Mayritsch4402 Frenkendorf &nbsp; AnsprechpartnerFrau Fran\u00e7oise Mayritsch Kontaktdatenmelodie@panamour.ch Verantwortlich f\u00fcr den Inhalt der WebpagesFrau Fran\u00e7oise Mayritsch CopyrightDas Copyright f\u00fcr den gesamten Inhalt liegt bei Fran\u00e7oise Mayritsch,\u00a04402 Frenkendorf &nbsp; HaftungsausschlussTrotz inhaltlicher Kontrollen \u00fcbernehmen wir keinerlei Haftungen f\u00fcr die Inhalte externer Links. F\u00fcr die Inhalte der [&hellip;]\" \/>\r\n<meta property=\"og:url\" content=\"https:\/\/www.panamour.ch\/?page_id=558\" \/>\r\n<meta property=\"og:site_name\" content=\"panamour\" \/>\r\n<meta property=\"article:modified_time\" content=\"2023-11-06T16:36:48+00:00\" \/>\r\n<meta name=\"twitter:card\" content=\"summary_large_image\" \/>\r\n<meta name=\"twitter:label1\" content=\"Gesch\u00e4tzte Lesezeit\" \/>\n\t<meta name=\"twitter:data1\" content=\"1\u00a0Minute\" \/>\r\n<script type=\"application\/ld+json\" class=\"yoast-schema-graph\">{\"@context\":\"https:\\\/\\\/schema.org\",\"@graph\":[{\"@type\":\"WebPage\",\"@id\":\"https:\\\/\\\/www.panamour.ch\\\/?page_id=558\",\"url\":\"https:\\\/\\\/www.panamour.ch\\\/?page_id=558\",\"name\":\"Impressum - panamour\",\"isPartOf\":{\"@id\":\"https:\\\/\\\/www.panamour.ch\\\/#website\"},\"datePublished\":\"2023-11-06T15:51:56+00:00\",\"dateModified\":\"2023-11-06T16:36:48+00:00\",\"breadcrumb\":{\"@id\":\"https:\\\/\\\/www.panamour.ch\\\/?page_id=558#breadcrumb\"},\"inLanguage\":\"de\",\"potentialAction\":[{\"@type\":\"ReadAction\",\"target\":[\"https:\\\/\\\/www.panamour.ch\\\/?page_id=558\"]}]},{\"@type\":\"BreadcrumbList\",\"@id\":\"https:\\\/\\\/www.panamour.ch\\\/?page_id=558#breadcrumb\",\"itemListElement\":[{\"@type\":\"ListItem\",\"position\":1,\"name\":\"Startseite\",\"item\":\"https:\\\/\\\/www.panamour.ch\\\/\"},{\"@type\":\"ListItem\",\"position\":2,\"name\":\"Impressum\"}]},{\"@type\":\"WebSite\",\"@id\":\"https:\\\/\\\/www.panamour.ch\\\/#website\",\"url\":\"https:\\\/\\\/www.panamour.ch\\\/\",\"name\":\"Panamour\",\"description\":\"Die Musik ist einfach der beste Weg zu reden, wenn einem selbst die Worte fehlen.\",\"potentialAction\":[{\"@type\":\"SearchAction\",\"target\":{\"@type\":\"EntryPoint\",\"urlTemplate\":\"https:\\\/\\\/www.panamour.ch\\\/?s={search_term_string}\"},\"query-input\":{\"@type\":\"PropertyValueSpecification\",\"valueRequired\":true,\"valueName\":\"search_term_string\"}}],\"inLanguage\":\"de\"}]}<\/script>\r\n<!-- \/ Yoast SEO plugin. -->","yoast_head_json":{"title":"Impressum - panamour","robots":{"index":"index","follow":"follow","max-snippet":"max-snippet:-1","max-image-preview":"max-image-preview:large","max-video-preview":"max-video-preview:-1"},"canonical":"https:\/\/www.panamour.ch\/?page_id=558","og_locale":"de_DE","og_type":"article","og_title":"Impressum - panamour","og_description":"I M P R E S S U M \u00a0 Panamour InhaberinFran\u00e7oise Mayritsch4402 Frenkendorf &nbsp; AnsprechpartnerFrau Fran\u00e7oise Mayritsch Kontaktdatenmelodie@panamour.ch Verantwortlich f\u00fcr den Inhalt der WebpagesFrau Fran\u00e7oise Mayritsch CopyrightDas Copyright f\u00fcr den gesamten Inhalt liegt bei Fran\u00e7oise Mayritsch,\u00a04402 Frenkendorf &nbsp; HaftungsausschlussTrotz inhaltlicher Kontrollen \u00fcbernehmen wir keinerlei Haftungen f\u00fcr die Inhalte externer Links. F\u00fcr die Inhalte der [&hellip;]","og_url":"https:\/\/www.panamour.ch\/?page_id=558","og_site_name":"panamour","article_modified_time":"2023-11-06T16:36:48+00:00","twitter_card":"summary_large_image","twitter_misc":{"Gesch\u00e4tzte Lesezeit":"1\u00a0Minute"},"schema":{"@context":"https:\/\/schema.org","@graph":[{"@type":"WebPage","@id":"https:\/\/www.panamour.ch\/?page_id=558","url":"https:\/\/www.panamour.ch\/?page_id=558","name":"Impressum - panamour","isPartOf":{"@id":"https:\/\/www.panamour.ch\/#website"},"datePublished":"2023-11-06T15:51:56+00:00","dateModified":"2023-11-06T16:36:48+00:00","breadcrumb":{"@id":"https:\/\/www.panamour.ch\/?page_id=558#breadcrumb"},"inLanguage":"de","potentialAction":[{"@type":"ReadAction","target":["https:\/\/www.panamour.ch\/?page_id=558"]}]},{"@type":"BreadcrumbList","@id":"https:\/\/www.panamour.ch\/?page_id=558#breadcrumb","itemListElement":[{"@type":"ListItem","position":1,"name":"Startseite","item":"https:\/\/www.panamour.ch\/"},{"@type":"ListItem","position":2,"name":"Impressum"}]},{"@type":"WebSite","@id":"https:\/\/www.panamour.ch\/#website","url":"https:\/\/www.panamour.ch\/","name":"Panamour","description":"Die Musik ist einfach der beste Weg zu reden, wenn einem selbst die Worte fehlen.","potentialAction":[{"@type":"SearchAction","target":{"@type":"EntryPoint","urlTemplate":"https:\/\/www.panamour.ch\/?s={search_term_string}"},"query-input":{"@type":"PropertyValueSpecification","valueRequired":true,"valueName":"search_term_string"}}],"inLanguage":"de"}]}},"_links":{"self":[{"href":"https:\/\/www.panamour.ch\/index.php?rest_route=\/wp\/v2\/pages\/558","targetHints":{"allow":["GET"]}}],"collection":[{"href":"https:\/\/www.panamour.ch\/index.php?rest_route=\/wp\/v2\/pages"}],"about":[{"href":"https:\/\/www.panamour.ch\/index.php?rest_route=\/wp\/v2\/types\/page"}],"author":[{"embeddable":true,"href":"https:\/\/www.panamour.ch\/index.php?rest_route=\/wp\/v2\/users\/1"}],"replies":[{"embeddable":true,"href":"https:\/\/www.panamour.ch\/index.php?rest_route=%2Fwp%2Fv2%2Fcomments&post=558"}],"version-history":[{"count":6,"href":"https:\/\/www.panamour.ch\/index.php?rest_route=\/wp\/v2\/pages\/558\/revisions"}],"predecessor-version":[{"id":585,"href":"https:\/\/www.panamour.ch\/index.php?rest_route=\/wp\/v2\/pages\/558\/revisions\/585"}],"wp:attachment":[{"href":"https:\/\/www.panamour.ch\/index.php?rest_route=%2Fwp%2Fv2%2Fmedia&parent=558"}],"curies":[{"name":"wp","href":"https:\/\/api.w.org\/{rel}","templated":true}]}}